{"id":25,"date":"2019-12-02T16:59:32","date_gmt":"2019-12-02T15:59:32","guid":{"rendered":"https:\/\/halden.katolsk.no\/?page_id=25"},"modified":"2025-06-30T22:17:05","modified_gmt":"2025-06-30T20:17:05","slug":"st-peter-katolske-kirke-halden","status":"publish","type":"page","link":"https:\/\/halden.katolsk.no\/","title":{"rendered":"St. Peter katolske kirke, Halden"},"content":{"rendered":"<div class=\"wpb-content-wrapper\"><p>[vc_row][vc_column][vc_column_text css=&raquo;&raquo;]<\/p>\n<div class=\"vce-row-container\">\n<div id=\"el-4e78c196\" class=\"vce-row vce-row--col-gap-30 vce-row-columns--top vce-row-content--top\" data-vce-do-apply=\"all el-4e78c196\">\n<div class=\"vce-row-content\" data-vce-element-content=\"true\">\n<div id=\"el-7e2227d6\" class=\"vce-col vce-col--md-auto vce-col--xs-1 vce-col--xs-last vce-col--xs-first vce-col--sm-last vce-col--sm-first vce-col--md-last vce-col--lg-last vce-col--xl-last vce-col--md-first vce-col--lg-first vce-col--xl-first\">\n<div class=\"vce-col-inner\" data-vce-do-apply=\"border margin background el-7e2227d6\">\n<div class=\"vce-col-content\" data-vce-element-content=\"true\" data-vce-do-apply=\"padding el-7e2227d6\">\n<div class=\"vce-text-block\">\n<div id=\"el-b8200b8c\" class=\"vce-text-block-wrapper vce\" data-vce-do-apply=\"all el-b8200b8c\">\n<figure class=\"wp-block-image alignfull\"><img loading=\"lazy\" decoding=\"async\" class=\"wp-image-41 aligncenter\" src=\"wp-content\/uploads\/2019\/12\/IMG_0336-St-Peter-1-e1575375067957-1024x476.jpg\" alt=\"\" width=\"302\" height=\"141\"><\/figure>\n<p><span style=\"font-family: 'times new roman', times, serif;\"><span style=\"font-size: 1em;\">Sogneprest: p. Roman Kunkel O.M.I.<\/span><\/span><\/p>\n<p><span style=\"font-family: 'times new roman', times, serif;\"><span style=\"font-size: 1em;\">Adresse: Kristian V&#8217;s plass 1, 1776 Halden<\/span><\/span><\/p>\n<p><span style=\"font-family: 'times new roman', times, serif;\">Telefon: 41 46 27 22<\/span><\/p>\n<p><span style=\"font-family: 'times new roman', times, serif;\">Vipps-nummer for kollekter: 50 81 52<\/span><\/p>\n<p><span style=\"font-family: 'times new roman', times, serif;\">Facebook-gruppe: Katolsk Halden<\/span><\/p>\n<p class=\"MsoNormal\"><span style=\"font-style: normal; font-family: 'times new roman', times, serif;\"><span style=\"color: #1f497d;\">Sognepresten setter av f\u00f8rste fredag i m\u00e5neden til hjemmebes\u00f8k. Dersom du selv eller noen du kjenner, \u00f8nsker bes\u00f8k, ring sognepresten 41 46 27 22 eller Caritaskontakt 92 08 27 45. Du kan ogs\u00e5 sende en e-post til kunkelomi@gmail.com.<\/span><\/span><\/p>\n<\/div>\n<\/div>\n<\/div>\n<\/div>\n<\/div>\n<\/div>\n<\/div>\n<\/div>\n<p>[\/vc_column_text][\/vc_column][\/vc_row]<\/p>\n<\/div>","protected":false},"excerpt":{"rendered":"<p>[vc_row][vc_column][vc_column_text css=&raquo;&raquo;]<\/p>\n","protected":false},"author":2,"featured_media":0,"parent":0,"menu_order":0,"comment_status":"closed","ping_status":"open","template":"","meta":{"footnotes":""},"class_list":["post-25","page","type-page","status-publish","hentry","entry"],"_links":{"self":[{"href":"https:\/\/halden.katolsk.no\/index.php\/wp-json\/wp\/v2\/pages\/25","targetHints":{"allow":["GET"]}}],"collection":[{"href":"https:\/\/halden.katolsk.no\/index.php\/wp-json\/wp\/v2\/pages"}],"about":[{"href":"https:\/\/halden.katolsk.no\/index.php\/wp-json\/wp\/v2\/types\/page"}],"author":[{"embeddable":true,"href":"https:\/\/halden.katolsk.no\/index.php\/wp-json\/wp\/v2\/users\/2"}],"replies":[{"embeddable":true,"href":"https:\/\/halden.katolsk.no\/index.php\/wp-json\/wp\/v2\/comments?post=25"}],"version-history":[{"count":28,"href":"https:\/\/halden.katolsk.no\/index.php\/wp-json\/wp\/v2\/pages\/25\/revisions"}],"predecessor-version":[{"id":7988,"href":"https:\/\/halden.katolsk.no\/index.php\/wp-json\/wp\/v2\/pages\/25\/revisions\/7988"}],"wp:attachment":[{"href":"https:\/\/halden.katolsk.no\/index.php\/wp-json\/wp\/v2\/media?parent=25"}],"curies":[{"name":"wp","href":"https:\/\/api.w.org\/{rel}","templated":true}]}}