{"id":146,"date":"2020-02-05T13:34:57","date_gmt":"2020-02-05T12:34:57","guid":{"rendered":"https:\/\/halden.katolsk.no\/?page_id=146"},"modified":"2023-08-25T18:36:12","modified_gmt":"2023-08-25T16:36:12","slug":"om-kirken","status":"publish","type":"page","link":"https:\/\/halden.katolsk.no\/index.php\/om-kirken\/","title":{"rendered":"Om kirken"},"content":{"rendered":"<!--vcv no format--><div class=\"vce-row-container\"><div class=\"vce-row vce-row--col-gap-30 vce-row-columns--top vce-row-content--top\" id=\"el-e3a1fa00\" data-vce-do-apply=\"all el-e3a1fa00\"><div class=\"vce-row-content\" data-vce-element-content=\"true\"><div class=\"vce-col\" id=\"el-60347350\"><div class=\"vce-col-inner\" data-vce-do-apply=\"border margin background  el-60347350\"><div class=\"vce-col-content\" data-vce-element-content=\"true\" data-vce-do-apply=\"padding el-60347350\"><div class=\"vce-text-block\"><div class=\"vce-text-block-wrapper vce\" id=\"el-d9e8880f\" data-vce-do-apply=\"all el-d9e8880f\">\n<p>St. Peter kirke i Halden ble bygd p\u00e5 1870-tallet, da byen het Fredrikshald. Den var tegnet av den kjente nederlandske arkitekten Pierre Cuypers, som blant mye annet ogs\u00e5 har tegnet Rijksmuseum i Amsterdam. Han tegnet opprinnelig et mye st\u00f8rre kirkebygg, tilpasset en by med 10.000 innbyggere. St\u00f8rrelsen ble betraktelig nedskalert f\u00f8r bygningen kunne reises. Antallet katolikker i Fredrikshald p\u00e5 1870-tallet var ca. 20, men h\u00e5pet var at dette tallet skulle stige, noe det da vitterlig har gjort siden den gang. St. Peter menighet teller i dag godt over 800 medlemmer.<\/p>\n<\/div><\/div><\/div><\/div><\/div><\/div><\/div><\/div><!--vcv no format-->","protected":false},"excerpt":{"rendered":"<p>St. Peter kirke i Halden ble bygd p\u00e5 1870-tallet, da byen het Fredrikshald. Den var tegnet av den kjente nederlandske arkitekten Pierre Cuypers, som blant mye annet ogs\u00e5 har tegnet Rijksmuseum i Amsterdam. Han tegnet opprinnelig et mye st\u00f8rre kirkebygg, tilpasset en by med 10.000 innbyggere. St\u00f8rrelsen ble betraktelig nedskalert f\u00f8r bygningen kunne reises. Antallet &hellip; <\/p>\n<p class=\"link-more\"><a href=\"https:\/\/halden.katolsk.no\/index.php\/om-kirken\/\" class=\"more-link\">Fortsett \u00e5 lese<span class=\"screen-reader-text\"> \u00abOm kirken\u00bb<\/span><\/a><\/p>\n","protected":false},"author":2,"featured_media":0,"parent":0,"menu_order":0,"comment_status":"closed","ping_status":"open","template":"","meta":{"footnotes":""},"class_list":["post-146","page","type-page","status-publish","hentry","entry"],"_links":{"self":[{"href":"https:\/\/halden.katolsk.no\/index.php\/wp-json\/wp\/v2\/pages\/146","targetHints":{"allow":["GET"]}}],"collection":[{"href":"https:\/\/halden.katolsk.no\/index.php\/wp-json\/wp\/v2\/pages"}],"about":[{"href":"https:\/\/halden.katolsk.no\/index.php\/wp-json\/wp\/v2\/types\/page"}],"author":[{"embeddable":true,"href":"https:\/\/halden.katolsk.no\/index.php\/wp-json\/wp\/v2\/users\/2"}],"replies":[{"embeddable":true,"href":"https:\/\/halden.katolsk.no\/index.php\/wp-json\/wp\/v2\/comments?post=146"}],"version-history":[{"count":6,"href":"https:\/\/halden.katolsk.no\/index.php\/wp-json\/wp\/v2\/pages\/146\/revisions"}],"predecessor-version":[{"id":609,"href":"https:\/\/halden.katolsk.no\/index.php\/wp-json\/wp\/v2\/pages\/146\/revisions\/609"}],"wp:attachment":[{"href":"https:\/\/halden.katolsk.no\/index.php\/wp-json\/wp\/v2\/media?parent=146"}],"curies":[{"name":"wp","href":"https:\/\/api.w.org\/{rel}","templated":true}]}}