{"id":144,"date":"2020-02-05T13:31:08","date_gmt":"2020-02-05T12:31:08","guid":{"rendered":"https:\/\/halden.katolsk.no\/?page_id=144"},"modified":"2026-03-13T14:59:27","modified_gmt":"2026-03-13T13:59:27","slug":"menighetsradet","status":"publish","type":"page","link":"https:\/\/halden.katolsk.no\/index.php\/menighetsradet\/","title":{"rendered":"Menighetsr\u00e5det"},"content":{"rendered":"<div class=\"wpb-content-wrapper\"><p>[vc_row][vc_column][vc_column_text css=&raquo;&raquo;]<\/p>\n<div class=\"vce-row-container\" data-vce-boxed-width=\"true\">\n<div id=\"el-992f8e77\" class=\"vce-row vce-row--col-gap-30 vce-row-equal-height vce-row-content--top\" data-vce-do-apply=\"all el-992f8e77\">\n<div class=\"vce-row-content\" data-vce-element-content=\"true\"><!-- vcwb\/dynamicElementComment:4104c81d --><\/p>\n<div id=\"el-4104c81d\" class=\"vce-col vce-col--md-auto vce-col--xs-1 vce-col--xs-last vce-col--xs-first vce-col--sm-last vce-col--sm-first vce-col--md-last vce-col--lg-last vce-col--xl-last vce-col--md-first vce-col--lg-first vce-col--xl-first\">\n<div class=\"vce-col-inner\" data-vce-do-apply=\"border margin background el-4104c81d\">\n<div class=\"vce-col-content\" data-vce-element-content=\"true\" data-vce-do-apply=\"padding el-4104c81d\"><!-- vcwb\/dynamicElementComment:55ea3456 --><\/p>\n<div class=\"vce-text-block\">\n<div id=\"el-55ea3456\" class=\"vce-text-block-wrapper vce\" data-vce-do-apply=\"all el-55ea3456\">Menighetsr\u00e5d ble valgt 12. mai 2024. Det har f\u00f8lgende sammensetning:<br \/>Pater Roman Kunkel omi, formann<br \/>John Ernst Moen, leder<\/div>\n<div data-vce-do-apply=\"all el-55ea3456\">Benedicte Persdotter H\u00f8st, nestleder<\/div>\n<div class=\"vce-text-block-wrapper vce\" data-vce-do-apply=\"all el-55ea3456\">Torill Julsdatter<br \/>Kajzer Michal<br \/>Leszek Nowosad<br \/>Eva Purinszky<br \/>Kim Erik Thinn<br \/>George Atayo<\/div>\n<\/div>\n<div data-vce-do-apply=\"all el-55ea3456\"><strong>Valg av nytt menighetsr\u00e5d<\/strong> finner sted etter h\u00f8ymessen s\u00f8ndag 22. mars 2026.<\/div>\n<\/div>\n<\/div>\n<\/div>\n<\/div>\n<\/div>\n<\/div>\n<p>[\/vc_column_text][\/vc_column][\/vc_row]<\/p>\n<\/div>","protected":false},"excerpt":{"rendered":"<p>[vc_row][vc_column][vc_column_text css=&raquo;&raquo;] Menighetsr\u00e5d ble valgt 12. mai 2024. Det har f\u00f8lgende sammensetning:Pater Roman Kunkel omi, formannJohn Ernst Moen, leder Benedicte Persdotter H\u00f8st, nestleder Torill JulsdatterKajzer MichalLeszek NowosadEva PurinszkyKim Erik ThinnGeorge Atayo Valg av nytt menighetsr\u00e5d finner sted etter h\u00f8ymessen s\u00f8ndag 22. mars 2026. [\/vc_column_text][\/vc_column][\/vc_row]<\/p>\n","protected":false},"author":2,"featured_media":0,"parent":0,"menu_order":0,"comment_status":"closed","ping_status":"open","template":"","meta":{"footnotes":""},"class_list":["post-144","page","type-page","status-publish","hentry","entry"],"_links":{"self":[{"href":"https:\/\/halden.katolsk.no\/index.php\/wp-json\/wp\/v2\/pages\/144","targetHints":{"allow":["GET"]}}],"collection":[{"href":"https:\/\/halden.katolsk.no\/index.php\/wp-json\/wp\/v2\/pages"}],"about":[{"href":"https:\/\/halden.katolsk.no\/index.php\/wp-json\/wp\/v2\/types\/page"}],"author":[{"embeddable":true,"href":"https:\/\/halden.katolsk.no\/index.php\/wp-json\/wp\/v2\/users\/2"}],"replies":[{"embeddable":true,"href":"https:\/\/halden.katolsk.no\/index.php\/wp-json\/wp\/v2\/comments?post=144"}],"version-history":[{"count":9,"href":"https:\/\/halden.katolsk.no\/index.php\/wp-json\/wp\/v2\/pages\/144\/revisions"}],"predecessor-version":[{"id":8086,"href":"https:\/\/halden.katolsk.no\/index.php\/wp-json\/wp\/v2\/pages\/144\/revisions\/8086"}],"wp:attachment":[{"href":"https:\/\/halden.katolsk.no\/index.php\/wp-json\/wp\/v2\/media?parent=144"}],"curies":[{"name":"wp","href":"https:\/\/api.w.org\/{rel}","templated":true}]}}